{"id":3761,"date":"2021-02-02T08:52:34","date_gmt":"2021-02-02T06:52:34","guid":{"rendered":"https:\/\/ficariavins.net\/wp\/?post_type=product&#038;p=3761"},"modified":"2021-08-03T11:17:25","modified_gmt":"2021-08-03T10:17:25","slug":"targeta-regal-opcio-3","status":"publish","type":"product","link":"https:\/\/ficariavins.net\/es\/producto\/targeta-regal-opcio-3\/","title":{"rendered":"Tarjeta Regalo Opci\u00f3n 3"},"content":{"rendered":"<p>Incluye:<\/p>\n<ul>\n<li>Visita a la Bodega<\/li>\n<li>Cata en la Vi\u00f1a (con degustaci\u00f3n de embutidos y quesos de la regi\u00f3n)<\/li>\n<li>Obsequio de una botella de Vino<\/li>\n<\/ul>\n<p><strong>Para 2 personas<\/strong><\/p>","protected":false},"excerpt":{"rendered":"<p>Esta tarjeta regalo se puede enviar directamente a qui\u00e9n desee hacerle el regalo.<\/p>","protected":false},"featured_media":3935,"template":"","meta":[],"product_brand":[],"product_cat":[67],"product_tag":[],"class_list":{"0":"post-3761","1":"product","2":"type-product","3":"status-publish","4":"has-post-thumbnail","6":"product_cat-targetes-regal","8":"first","9":"instock","10":"virtual","11":"purchasable","12":"product-type-simple"},"_links":{"self":[{"href":"https:\/\/ficariavins.net\/es\/wp-json\/wp\/v2\/product\/3761","targetHints":{"allow":["GET"]}}],"collection":[{"href":"https:\/\/ficariavins.net\/es\/wp-json\/wp\/v2\/product"}],"about":[{"href":"https:\/\/ficariavins.net\/es\/wp-json\/wp\/v2\/types\/product"}],"wp:featuredmedia":[{"embeddable":true,"href":"https:\/\/ficariavins.net\/es\/wp-json\/wp\/v2\/media\/3935"}],"wp:attachment":[{"href":"https:\/\/ficariavins.net\/es\/wp-json\/wp\/v2\/media?parent=3761"}],"wp:term":[{"taxonomy":"product_brand","embeddable":true,"href":"https:\/\/ficariavins.net\/es\/wp-json\/wp\/v2\/product_brand?post=3761"},{"taxonomy":"product_cat","embeddable":true,"href":"https:\/\/ficariavins.net\/es\/wp-json\/wp\/v2\/product_cat?post=3761"},{"taxonomy":"product_tag","embeddable":true,"href":"https:\/\/ficariavins.net\/es\/wp-json\/wp\/v2\/product_tag?post=3761"}],"curies":[{"name":"wp","href":"https:\/\/api.w.org\/{rel}","templated":true}]}}