{"id":812,"date":"2020-09-28T10:37:35","date_gmt":"2020-09-28T08:37:35","guid":{"rendered":"https:\/\/ficariavins.net\/wp\/?page_id=812"},"modified":"2021-02-23T13:45:56","modified_gmt":"2021-02-23T11:45:56","slug":"terminos-y-condiciones-de-compra","status":"publish","type":"page","link":"https:\/\/ficariavins.net\/es\/terminos-y-condiciones-de-compra\/","title":{"rendered":"T\u00e9rminos y condiciones de compra"},"content":{"rendered":"<p><strong>1.- S\u00f3lo est\u00e1 permitida la venta a mayores de edad.<\/strong><br \/>\n<strong>2.- Que el comercio es responsable y conoce la legislaci\u00f3n vigente de los pa\u00edses a los que env\u00eda los productos.<\/strong><br \/>\n<strong>3.- Que el titular de la tarjeta tiene conocimiento y acepta las condiciones establecidas por el comercio.<\/strong><\/p>\n<p><strong>INTRODUCCI\u00d3N <\/strong><\/p>\n<p>El presente documento tiene como finalidad establecer las condiciones de uso de la p\u00e1gina www.ficariavins.net  as\u00ed como las condiciones de compra de productos a trav\u00e9s de la misma por los usuarios.<\/p>\n<p>Le rogamos que lea detenidamente los presentes T\u00c9RMINOS Y CONDICIONES DE COMPRA as\u00ed como la POL\u00cdTICA DE PRIVACIDAD antes de usar esta p\u00e1gina web. Si lo desea puede imprimir estas condiciones. Al utilizar esta p\u00e1gina web o hacer un pedido a trav\u00e9s de la misma el usuario acepta nuestros T\u00c9RMINOS Y CONDICIONES DE COMPRA as\u00ed como nuestra POL\u00cdTICA DE PRIVACIDAD, por lo que, en caso de no estar de acuerdo, no debe utilizar la web.<\/p>\n<p>&nbsp;<\/p>\n<p><strong>INFORMACI\u00d3N GENERAL <\/strong><\/p>\n<p>En cumplimiento del deber de informaci\u00f3n recogido en el art. 10 de la Ley 34\/2002 de 11 de julio, de Servicios de la Sociedad de la Informaci\u00f3n y del Comercio Electr\u00f3nico le informamos que la titularidad de la web corresponde a FICARIA VINS, S.L.<strong>, CIF\/NIF <\/strong>B43726959<strong> domicilio sito en <\/strong>C\/ PRIORAT N\u00ba 12<strong>, <\/strong>LA FIGUERA<strong> (<\/strong>TARRAGONA<strong>), <\/strong>43736<strong> y con correo electr\u00f3nico <\/strong>celler@ficariavins.net \u00a0<strong>y tel\u00e9fono <\/strong>637115833.<\/p>\n<p>USO DEL SITIO Al hacer uso de esta p\u00e1gina web y realizar pedidos a trav\u00e9s de la misma, el usuario se compromete a los siguientes extremos:<\/p>\n<p>* Usar la p\u00e1gina web \u00fanicamente con la finalidad de consultar productos y realizar pedidos.<\/p>\n<p>* No realizar ning\u00fan pedido fraudulento o falso. Si de una forma razonable se considera que un pedido es fraudulento FICARIA VINS, S.L.\u00a0 est\u00e1 autorizada a anularlo e informar a las autoridades pertinentes.<\/p>\n<p>* Tener capacidad legal para celebrar contratos (el usuario declara ser mayor de 18 a\u00f1os).<\/p>\n<p>* Facilitar sus datos de contacto de una forma veraz y exacta con el fin de poder realizar el env\u00edo de los pedidos.<\/p>\n<p>PROTECCI\u00d3N DE DATOS PERSONALES<\/p>\n<p>FICARIA VINS, S.L. \u00a0informa a los usuarios de esta p\u00e1gina web sobre su pol\u00edtica respecto del tratamiento y protecci\u00f3n de los datos de car\u00e1cter personal que puedan ser recabados por la navegaci\u00f3n o contrataci\u00f3n de servicios a trav\u00e9s de la pol\u00edtica de privacidad. Puede acceder a la pol\u00edtica de privacidad desde la p\u00e1gina web en cualquier momento.<\/p>\n<p><strong>\u00a0<\/strong><\/p>\n<p><strong>\u00a0<\/strong><\/p>\n<p><strong>CONDICIONES DE COMPRA<\/strong><\/p>\n<p>Disponibilidad del servicio. Los usuarios tienen la posibilidad de realizar pedidos de los art\u00edculos que se ofrecen a trav\u00e9s de la p\u00e1gina web tanto para su env\u00edo a una direcci\u00f3n dentro del territorio espa\u00f1ol como a un destino europeo.<\/p>\n<p>&nbsp;<\/p>\n<p><strong>IDIOMA<\/strong><\/p>\n<p>El contrato se formalizar\u00e1 en lengua espa\u00f1ola.<\/p>\n<p>&nbsp;<\/p>\n<p><strong>DISPONIBILIDAD DE LOS PRODUCTOS<\/strong><\/p>\n<p>Los pedidos est\u00e1n sujetos a la disponibilidad de los productos. Si se produjeran dificultades en cuanto al suministro de los productos o si no quedaran art\u00edculos en stock, FICARIA VINS, S.L. informar\u00e1 al cliente de tal circunstancia, bien por mail o por tel\u00e9fono y reembolsar\u00e1 cualquier cantidad que hubiese abonado por el producto o productos no disponibles o cambiar\u00e1 el producto por otro del mismo valor, seg\u00fan decida el cliente.<\/p>\n<p>&nbsp;<\/p>\n<p><strong>PRECIOS DE LOS PRODUCTOS<\/strong><\/p>\n<p>En los precios de los art\u00edculos est\u00e1n incluidos todos los impuestos vigentes pero no est\u00e1n incluidos los gastos de env\u00edo, que se a\u00f1adir\u00e1n al importe total. FICARIA VINS, S.L. \u00a0se reserva el derecho a modificar los precios en cualquier momento, si bien los productos se facturar\u00e1n sobre la base del precio en vigor en el momento de formalizar el pedido (a reserva de la disponibilidad del producto).<\/p>\n<p>En el pedido de compra se indicar\u00e1 tanto el precio total del producto\/productos, incluyendo IVA y los gastos de env\u00edo que correspondan, seg\u00fan se indica en los apartados siguientes. El tipo de IVA aplicable ser\u00e1 el legalmente vigente en cada momento en funci\u00f3n del art\u00edculo concreto de que se trate. En los pedidos con destino a Canarias, Ceuta y Melilla, las entregas se encontrar\u00e1n exentas de IVA por aplicaci\u00f3n de lo dispuesto en el art\u00edculo 21 de Ley 37\/1992, sin perjuicio de la aplicaci\u00f3n de los impuestos y aranceles correspondientes conforme a la normativa vigente en cada uno de estos territorios.<\/p>\n<p><strong>\u00a0<\/strong><\/p>\n<p><strong>GASTOS DE ENV\u00cdO A DIRECCIONES EN TERRITORIO ESPA\u00d1OL. <\/strong><\/p>\n<p>Para pedidos inferiores a 6 botellas de vino o 2 garrafas de aceite, los gastos de env\u00edo ser\u00e1n los que marque la empresa de transporte , cantidad que habr\u00e1 que \u00a0sumar al importe total. Los gastos de env\u00edo ser\u00e1n por tanto por cuenta del cliente.<\/p>\n<p>Para pedidos iguales o superiores a 6 botellas de vino o 2 garrafas de aceite no se aplicar\u00e1n gastos de env\u00edo.<\/p>\n<p><strong>\u00a0<\/strong><\/p>\n<p><strong>\u00a0<\/strong><\/p>\n<p><strong>GASTOS DE ENV\u00cdO A DIRECCIONES FUERA DE TERRITORIO ESPA\u00d1OL<\/strong><\/p>\n<p>Para pedidos con destino cualquier pa\u00eds dentro de la Uni\u00f3n Europea, los gastos de env\u00edo ser\u00e1n los que marque la empresa de transporte y ser\u00e1n \u00a0por cuenta del cliente.<\/p>\n<p><strong>\u00a0<\/strong><\/p>\n<p><strong>FORMA DE REALIZAR UN PEDIDO<\/strong><\/p>\n<p>Para realizar un pedido debe seleccionar el art\u00edculo o art\u00edculos deseados. Una vez que haya seleccionado todos los art\u00edculos que desee, \u00e9stos se a\u00f1adir\u00e1n a su cesta de la compra. El siguiente paso ser\u00e1 tramitar el pedido y efectuar el pago. Para ello deber\u00e1 seguir los pasos que se le solicitan en la p\u00e1gina web y seguir las indicaciones de compra que le aparecen en pantalla. Se le pedir\u00e1n \u00fanicamente los datos necesarios para la compra y posterior entrega del pedido. Antes de formalizar la compra deber\u00e1 ACEPTAR EXPRESAMENTE las presentes condiciones as\u00ed como la pol\u00edtica de privacidad.<\/p>\n<p>Los datos registrados por la p\u00e1gina web constituyen la prueba de las transacciones realizadas. El cliente recibir\u00e1 confirmaci\u00f3n del pedido a trav\u00e9s de correo electr\u00f3nico.<\/p>","protected":false},"excerpt":{"rendered":"<p>1.- S\u00f3lo est\u00e1 permitida la venta a mayores de edad.  [&#8230;]<\/p>\n","protected":false},"author":1,"featured_media":0,"parent":0,"menu_order":0,"comment_status":"closed","ping_status":"closed","template":"","meta":{"footnotes":""},"class_list":["post-812","page","type-page","status-publish","hentry"],"_links":{"self":[{"href":"https:\/\/ficariavins.net\/es\/wp-json\/wp\/v2\/pages\/812","targetHints":{"allow":["GET"]}}],"collection":[{"href":"https:\/\/ficariavins.net\/es\/wp-json\/wp\/v2\/pages"}],"about":[{"href":"https:\/\/ficariavins.net\/es\/wp-json\/wp\/v2\/types\/page"}],"author":[{"embeddable":true,"href":"https:\/\/ficariavins.net\/es\/wp-json\/wp\/v2\/users\/1"}],"replies":[{"embeddable":true,"href":"https:\/\/ficariavins.net\/es\/wp-json\/wp\/v2\/comments?post=812"}],"version-history":[{"count":0,"href":"https:\/\/ficariavins.net\/es\/wp-json\/wp\/v2\/pages\/812\/revisions"}],"wp:attachment":[{"href":"https:\/\/ficariavins.net\/es\/wp-json\/wp\/v2\/media?parent=812"}],"curies":[{"name":"wp","href":"https:\/\/api.w.org\/{rel}","templated":true}]}}